{"id":2352,"date":"2026-01-20T06:11:47","date_gmt":"2026-01-20T06:11:47","guid":{"rendered":"https:\/\/fihca.thedev.ca\/?page_id=2352"},"modified":"2026-01-24T21:00:57","modified_gmt":"2026-01-24T21:00:57","slug":"avocats","status":"publish","type":"page","link":"https:\/\/fihca.thedev.ca\/fr\/demandes-indemnisation\/etapes\/avocats\/","title":{"rendered":"Avocats"},"content":{"rendered":"","protected":false},"excerpt":{"rendered":"","protected":false},"author":3,"featured_media":0,"parent":1165,"menu_order":1,"comment_status":"closed","ping_status":"closed","template":"","meta":{"_acf_changed":false,"content-type":"","_links_to":"","_links_to_target":""},"class_list":["post-2352","page","type-page","status-publish","hentry"],"acf":[],"yoast_head":"<!-- This site is optimized with the Yoast SEO plugin v27.6 - https:\/\/yoast.com\/product\/yoast-seo-wordpress\/ -->\n<title>Avocats - fihca.thedev.ca<\/title>\n<meta name=\"description\" content=\"Renseignements \u00e0 l\u2019intention des avocats qui aident des membres du groupe \u00e0 pr\u00e9senter une demande dans le cadre du r\u00e8glement des h\u00f4pitaux f\u00e9d\u00e9raux indiens, y compris les formulaires requis, les annexes et le paiement des honoraires juridiques.\" \/>\n<meta name=\"robots\" content=\"noindex, follow, max-snippet:-1, max-image-preview:large, max-video-preview:-1\" \/>\n<meta property=\"og:locale\" content=\"fr_FR\" \/>\n<meta property=\"og:type\" content=\"article\" \/>\n<meta property=\"og:title\" content=\"\u00c9tape par \u00e9tape pour les avocats | R\u00e8glement des h\u00f4pitaux f\u00e9d\u00e9raux indiens\" \/>\n<meta property=\"og:description\" content=\"Renseignements \u00e0 l\u2019intention des avocats qui aident des membres du groupe \u00e0 pr\u00e9senter une demande dans le cadre du r\u00e8glement des h\u00f4pitaux f\u00e9d\u00e9raux indiens, y compris les formulaires requis, les annexes et le paiement des honoraires juridiques.\" \/>\n<meta property=\"og:url\" content=\"https:\/\/fihca.thedev.ca\/fr\/demandes-indemnisation\/etapes\/avocats\/\" \/>\n<meta property=\"og:site_name\" content=\"fihca.thedev.ca\" \/>\n<meta property=\"article:modified_time\" content=\"2026-01-24T21:00:57+00:00\" \/>\n<meta property=\"og:image\" content=\"https:\/\/fihca.thedev.ca\/wp-content\/uploads\/2026\/01\/IH-Icon-4C-1.png\" \/>\n\t<meta property=\"og:image:width\" content=\"1024\" \/>\n\t<meta property=\"og:image:height\" content=\"1026\" \/>\n\t<meta property=\"og:image:type\" content=\"image\/png\" \/>\n<meta name=\"twitter:card\" content=\"summary_large_image\" \/>\n<script type=\"application\/ld+json\" class=\"yoast-schema-graph\">{\"@context\":\"https:\\\/\\\/schema.org\",\"@graph\":[{\"@type\":\"WebPage\",\"@id\":\"https:\\\/\\\/fihca.thedev.ca\\\/fr\\\/demandes-indemnisation\\\/etapes\\\/avocats\\\/\",\"url\":\"https:\\\/\\\/fihca.thedev.ca\\\/fr\\\/demandes-indemnisation\\\/etapes\\\/avocats\\\/\",\"name\":\"Avocats - fihca.thedev.ca\",\"isPartOf\":{\"@id\":\"https:\\\/\\\/fihca.thedev.ca\\\/#website\"},\"datePublished\":\"2026-01-20T06:11:47+00:00\",\"dateModified\":\"2026-01-24T21:00:57+00:00\",\"description\":\"Renseignements \u00e0 l\u2019intention des avocats qui aident des membres du groupe \u00e0 pr\u00e9senter une demande dans le cadre du r\u00e8glement des h\u00f4pitaux f\u00e9d\u00e9raux indiens, y compris les formulaires requis, les annexes et le paiement des honoraires juridiques.\",\"breadcrumb\":{\"@id\":\"https:\\\/\\\/fihca.thedev.ca\\\/fr\\\/demandes-indemnisation\\\/etapes\\\/avocats\\\/#breadcrumb\"},\"inLanguage\":\"fr-FR\",\"potentialAction\":[{\"@type\":\"ReadAction\",\"target\":[\"https:\\\/\\\/fihca.thedev.ca\\\/fr\\\/demandes-indemnisation\\\/etapes\\\/avocats\\\/\"]}]},{\"@type\":\"BreadcrumbList\",\"@id\":\"https:\\\/\\\/fihca.thedev.ca\\\/fr\\\/demandes-indemnisation\\\/etapes\\\/avocats\\\/#breadcrumb\",\"itemListElement\":[{\"@type\":\"ListItem\",\"position\":1,\"name\":\"Home\",\"item\":\"https:\\\/\\\/fihca.thedev.ca\\\/fr\\\/\"},{\"@type\":\"ListItem\",\"position\":2,\"name\":\"Demandes\",\"item\":\"https:\\\/\\\/fihca.thedev.ca\\\/fr\\\/demandes-indemnisation\\\/\"},{\"@type\":\"ListItem\",\"position\":3,\"name\":\"\u00c9tape par \u00e9tape\",\"item\":\"https:\\\/\\\/fihca.thedev.ca\\\/fr\\\/demandes-indemnisation\\\/etapes\\\/\"},{\"@type\":\"ListItem\",\"position\":4,\"name\":\"Avocats\"}]},{\"@type\":\"WebSite\",\"@id\":\"https:\\\/\\\/fihca.thedev.ca\\\/#website\",\"url\":\"https:\\\/\\\/fihca.thedev.ca\\\/\",\"name\":\"fihca.thedev.ca\",\"description\":\"Just another WordPress site\",\"potentialAction\":[{\"@type\":\"SearchAction\",\"target\":{\"@type\":\"EntryPoint\",\"urlTemplate\":\"https:\\\/\\\/fihca.thedev.ca\\\/?s={search_term_string}\"},\"query-input\":{\"@type\":\"PropertyValueSpecification\",\"valueRequired\":true,\"valueName\":\"search_term_string\"}}],\"inLanguage\":\"fr-FR\"}]}<\/script>\n<!-- \/ Yoast SEO plugin. -->","yoast_head_json":{"title":"Avocats - fihca.thedev.ca","description":"Renseignements \u00e0 l\u2019intention des avocats qui aident des membres du groupe \u00e0 pr\u00e9senter une demande dans le cadre du r\u00e8glement des h\u00f4pitaux f\u00e9d\u00e9raux indiens, y compris les formulaires requis, les annexes et le paiement des honoraires juridiques.","robots":{"index":"noindex","follow":"follow","max-snippet":"max-snippet:-1","max-image-preview":"max-image-preview:large","max-video-preview":"max-video-preview:-1"},"og_locale":"fr_FR","og_type":"article","og_title":"\u00c9tape par \u00e9tape pour les avocats | R\u00e8glement des h\u00f4pitaux f\u00e9d\u00e9raux indiens","og_description":"Renseignements \u00e0 l\u2019intention des avocats qui aident des membres du groupe \u00e0 pr\u00e9senter une demande dans le cadre du r\u00e8glement des h\u00f4pitaux f\u00e9d\u00e9raux indiens, y compris les formulaires requis, les annexes et le paiement des honoraires juridiques.","og_url":"https:\/\/fihca.thedev.ca\/fr\/demandes-indemnisation\/etapes\/avocats\/","og_site_name":"fihca.thedev.ca","article_modified_time":"2026-01-24T21:00:57+00:00","og_image":[{"width":1024,"height":1026,"url":"https:\/\/fihca.thedev.ca\/wp-content\/uploads\/2026\/01\/IH-Icon-4C-1.png","type":"image\/png"}],"twitter_card":"summary_large_image","schema":{"@context":"https:\/\/schema.org","@graph":[{"@type":"WebPage","@id":"https:\/\/fihca.thedev.ca\/fr\/demandes-indemnisation\/etapes\/avocats\/","url":"https:\/\/fihca.thedev.ca\/fr\/demandes-indemnisation\/etapes\/avocats\/","name":"Avocats - fihca.thedev.ca","isPartOf":{"@id":"https:\/\/fihca.thedev.ca\/#website"},"datePublished":"2026-01-20T06:11:47+00:00","dateModified":"2026-01-24T21:00:57+00:00","description":"Renseignements \u00e0 l\u2019intention des avocats qui aident des membres du groupe \u00e0 pr\u00e9senter une demande dans le cadre du r\u00e8glement des h\u00f4pitaux f\u00e9d\u00e9raux indiens, y compris les formulaires requis, les annexes et le paiement des honoraires juridiques.","breadcrumb":{"@id":"https:\/\/fihca.thedev.ca\/fr\/demandes-indemnisation\/etapes\/avocats\/#breadcrumb"},"inLanguage":"fr-FR","potentialAction":[{"@type":"ReadAction","target":["https:\/\/fihca.thedev.ca\/fr\/demandes-indemnisation\/etapes\/avocats\/"]}]},{"@type":"BreadcrumbList","@id":"https:\/\/fihca.thedev.ca\/fr\/demandes-indemnisation\/etapes\/avocats\/#breadcrumb","itemListElement":[{"@type":"ListItem","position":1,"name":"Home","item":"https:\/\/fihca.thedev.ca\/fr\/"},{"@type":"ListItem","position":2,"name":"Demandes","item":"https:\/\/fihca.thedev.ca\/fr\/demandes-indemnisation\/"},{"@type":"ListItem","position":3,"name":"\u00c9tape par \u00e9tape","item":"https:\/\/fihca.thedev.ca\/fr\/demandes-indemnisation\/etapes\/"},{"@type":"ListItem","position":4,"name":"Avocats"}]},{"@type":"WebSite","@id":"https:\/\/fihca.thedev.ca\/#website","url":"https:\/\/fihca.thedev.ca\/","name":"fihca.thedev.ca","description":"Just another WordPress site","potentialAction":[{"@type":"SearchAction","target":{"@type":"EntryPoint","urlTemplate":"https:\/\/fihca.thedev.ca\/?s={search_term_string}"},"query-input":{"@type":"PropertyValueSpecification","valueRequired":true,"valueName":"search_term_string"}}],"inLanguage":"fr-FR"}]}},"_links":{"self":[{"href":"https:\/\/fihca.thedev.ca\/fr\/wp-json\/wp\/v2\/pages\/2352","targetHints":{"allow":["GET"]}}],"collection":[{"href":"https:\/\/fihca.thedev.ca\/fr\/wp-json\/wp\/v2\/pages"}],"about":[{"href":"https:\/\/fihca.thedev.ca\/fr\/wp-json\/wp\/v2\/types\/page"}],"author":[{"embeddable":true,"href":"https:\/\/fihca.thedev.ca\/fr\/wp-json\/wp\/v2\/users\/3"}],"replies":[{"embeddable":true,"href":"https:\/\/fihca.thedev.ca\/fr\/wp-json\/wp\/v2\/comments?post=2352"}],"version-history":[{"count":10,"href":"https:\/\/fihca.thedev.ca\/fr\/wp-json\/wp\/v2\/pages\/2352\/revisions"}],"predecessor-version":[{"id":3017,"href":"https:\/\/fihca.thedev.ca\/fr\/wp-json\/wp\/v2\/pages\/2352\/revisions\/3017"}],"up":[{"embeddable":true,"href":"https:\/\/fihca.thedev.ca\/fr\/wp-json\/wp\/v2\/pages\/1165"}],"wp:attachment":[{"href":"https:\/\/fihca.thedev.ca\/fr\/wp-json\/wp\/v2\/media?parent=2352"}],"curies":[{"name":"wp","href":"https:\/\/api.w.org\/{rel}","templated":true}]}}