{"id":2197,"date":"2026-01-16T17:15:48","date_gmt":"2026-01-16T17:15:48","guid":{"rendered":"https:\/\/fihca.thedev.ca\/reclamations\/hospitals-included\/"},"modified":"2026-01-24T02:12:40","modified_gmt":"2026-01-24T02:12:40","slug":"hopitaux-inclus","status":"publish","type":"page","link":"https:\/\/fihca.thedev.ca\/fr\/admissibilite\/hopitaux-inclus\/","title":{"rendered":"H\u00f4pitaux inclus"},"content":{"rendered":"","protected":false},"excerpt":{"rendered":"","protected":false},"author":3,"featured_media":0,"parent":1173,"menu_order":0,"comment_status":"closed","ping_status":"closed","template":"","meta":{"_acf_changed":false,"content-type":"","_links_to":"","_links_to_target":""},"class_list":["post-2197","page","type-page","status-publish","hentry"],"acf":[],"yoast_head":"<!-- This site is optimized with the Yoast SEO plugin v27.6 - https:\/\/yoast.com\/product\/yoast-seo-wordpress\/ -->\n<title>H\u00f4pitaux inclus - fihca.thedev.ca<\/title>\n<meta name=\"description\" content=\"L\u2019annexe D pr\u00e9sente la liste des h\u00f4pitaux f\u00e9d\u00e9raux indiens inclus dans le r\u00e8glement, avec les dates durant lesquelles chaque h\u00f4pital a \u00e9t\u00e9 exploit\u00e9 par le gouvernement du Canada, ainsi que les noms alternatifs couramment utilis\u00e9s.\" \/>\n<meta name=\"robots\" content=\"noindex, follow, max-snippet:-1, max-image-preview:large, max-video-preview:-1\" \/>\n<meta property=\"og:locale\" content=\"fr_FR\" \/>\n<meta property=\"og:type\" content=\"article\" \/>\n<meta property=\"og:title\" content=\"H\u00f4pitaux inclus | R\u00e8glement des h\u00f4pitaux f\u00e9d\u00e9raux indiens\" \/>\n<meta property=\"og:description\" content=\"L\u2019annexe D pr\u00e9sente la liste des h\u00f4pitaux f\u00e9d\u00e9raux indiens inclus dans le r\u00e8glement, avec les dates durant lesquelles chaque h\u00f4pital a \u00e9t\u00e9 exploit\u00e9 par le gouvernement du Canada, ainsi que les noms alternatifs couramment utilis\u00e9s.\" \/>\n<meta property=\"og:url\" content=\"https:\/\/fihca.thedev.ca\/fr\/admissibilite\/hopitaux-inclus\/\" \/>\n<meta property=\"og:site_name\" content=\"fihca.thedev.ca\" \/>\n<meta property=\"article:modified_time\" content=\"2026-01-24T02:12:40+00:00\" \/>\n<meta property=\"og:image\" content=\"https:\/\/fihca.thedev.ca\/wp-content\/uploads\/2026\/01\/IH-Icon-4C-1.png\" \/>\n\t<meta property=\"og:image:width\" content=\"1024\" \/>\n\t<meta property=\"og:image:height\" content=\"1026\" \/>\n\t<meta property=\"og:image:type\" content=\"image\/png\" \/>\n<meta name=\"twitter:card\" content=\"summary_large_image\" \/>\n<script type=\"application\/ld+json\" class=\"yoast-schema-graph\">{\"@context\":\"https:\\\/\\\/schema.org\",\"@graph\":[{\"@type\":\"WebPage\",\"@id\":\"https:\\\/\\\/fihca.thedev.ca\\\/fr\\\/admissibilite\\\/hopitaux-inclus\\\/\",\"url\":\"https:\\\/\\\/fihca.thedev.ca\\\/fr\\\/admissibilite\\\/hopitaux-inclus\\\/\",\"name\":\"H\u00f4pitaux inclus - fihca.thedev.ca\",\"isPartOf\":{\"@id\":\"https:\\\/\\\/fihca.thedev.ca\\\/#website\"},\"datePublished\":\"2026-01-16T17:15:48+00:00\",\"dateModified\":\"2026-01-24T02:12:40+00:00\",\"description\":\"L\u2019annexe D pr\u00e9sente la liste des h\u00f4pitaux f\u00e9d\u00e9raux indiens inclus dans le r\u00e8glement, avec les dates durant lesquelles chaque h\u00f4pital a \u00e9t\u00e9 exploit\u00e9 par le gouvernement du Canada, ainsi que les noms alternatifs couramment utilis\u00e9s.\",\"breadcrumb\":{\"@id\":\"https:\\\/\\\/fihca.thedev.ca\\\/fr\\\/admissibilite\\\/hopitaux-inclus\\\/#breadcrumb\"},\"inLanguage\":\"fr-FR\",\"potentialAction\":[{\"@type\":\"ReadAction\",\"target\":[\"https:\\\/\\\/fihca.thedev.ca\\\/fr\\\/admissibilite\\\/hopitaux-inclus\\\/\"]}]},{\"@type\":\"BreadcrumbList\",\"@id\":\"https:\\\/\\\/fihca.thedev.ca\\\/fr\\\/admissibilite\\\/hopitaux-inclus\\\/#breadcrumb\",\"itemListElement\":[{\"@type\":\"ListItem\",\"position\":1,\"name\":\"Home\",\"item\":\"https:\\\/\\\/fihca.thedev.ca\\\/fr\\\/\"},{\"@type\":\"ListItem\",\"position\":2,\"name\":\"Admissibilit\u00e9\",\"item\":\"https:\\\/\\\/fihca.thedev.ca\\\/fr\\\/admissibilite\\\/\"},{\"@type\":\"ListItem\",\"position\":3,\"name\":\"H\u00f4pitaux inclus\"}]},{\"@type\":\"WebSite\",\"@id\":\"https:\\\/\\\/fihca.thedev.ca\\\/#website\",\"url\":\"https:\\\/\\\/fihca.thedev.ca\\\/\",\"name\":\"fihca.thedev.ca\",\"description\":\"Just another WordPress site\",\"potentialAction\":[{\"@type\":\"SearchAction\",\"target\":{\"@type\":\"EntryPoint\",\"urlTemplate\":\"https:\\\/\\\/fihca.thedev.ca\\\/?s={search_term_string}\"},\"query-input\":{\"@type\":\"PropertyValueSpecification\",\"valueRequired\":true,\"valueName\":\"search_term_string\"}}],\"inLanguage\":\"fr-FR\"}]}<\/script>\n<!-- \/ Yoast SEO plugin. -->","yoast_head_json":{"title":"H\u00f4pitaux inclus - fihca.thedev.ca","description":"L\u2019annexe D pr\u00e9sente la liste des h\u00f4pitaux f\u00e9d\u00e9raux indiens inclus dans le r\u00e8glement, avec les dates durant lesquelles chaque h\u00f4pital a \u00e9t\u00e9 exploit\u00e9 par le gouvernement du Canada, ainsi que les noms alternatifs couramment utilis\u00e9s.","robots":{"index":"noindex","follow":"follow","max-snippet":"max-snippet:-1","max-image-preview":"max-image-preview:large","max-video-preview":"max-video-preview:-1"},"og_locale":"fr_FR","og_type":"article","og_title":"H\u00f4pitaux inclus | R\u00e8glement des h\u00f4pitaux f\u00e9d\u00e9raux indiens","og_description":"L\u2019annexe D pr\u00e9sente la liste des h\u00f4pitaux f\u00e9d\u00e9raux indiens inclus dans le r\u00e8glement, avec les dates durant lesquelles chaque h\u00f4pital a \u00e9t\u00e9 exploit\u00e9 par le gouvernement du Canada, ainsi que les noms alternatifs couramment utilis\u00e9s.","og_url":"https:\/\/fihca.thedev.ca\/fr\/admissibilite\/hopitaux-inclus\/","og_site_name":"fihca.thedev.ca","article_modified_time":"2026-01-24T02:12:40+00:00","og_image":[{"width":1024,"height":1026,"url":"https:\/\/fihca.thedev.ca\/wp-content\/uploads\/2026\/01\/IH-Icon-4C-1.png","type":"image\/png"}],"twitter_card":"summary_large_image","schema":{"@context":"https:\/\/schema.org","@graph":[{"@type":"WebPage","@id":"https:\/\/fihca.thedev.ca\/fr\/admissibilite\/hopitaux-inclus\/","url":"https:\/\/fihca.thedev.ca\/fr\/admissibilite\/hopitaux-inclus\/","name":"H\u00f4pitaux inclus - fihca.thedev.ca","isPartOf":{"@id":"https:\/\/fihca.thedev.ca\/#website"},"datePublished":"2026-01-16T17:15:48+00:00","dateModified":"2026-01-24T02:12:40+00:00","description":"L\u2019annexe D pr\u00e9sente la liste des h\u00f4pitaux f\u00e9d\u00e9raux indiens inclus dans le r\u00e8glement, avec les dates durant lesquelles chaque h\u00f4pital a \u00e9t\u00e9 exploit\u00e9 par le gouvernement du Canada, ainsi que les noms alternatifs couramment utilis\u00e9s.","breadcrumb":{"@id":"https:\/\/fihca.thedev.ca\/fr\/admissibilite\/hopitaux-inclus\/#breadcrumb"},"inLanguage":"fr-FR","potentialAction":[{"@type":"ReadAction","target":["https:\/\/fihca.thedev.ca\/fr\/admissibilite\/hopitaux-inclus\/"]}]},{"@type":"BreadcrumbList","@id":"https:\/\/fihca.thedev.ca\/fr\/admissibilite\/hopitaux-inclus\/#breadcrumb","itemListElement":[{"@type":"ListItem","position":1,"name":"Home","item":"https:\/\/fihca.thedev.ca\/fr\/"},{"@type":"ListItem","position":2,"name":"Admissibilit\u00e9","item":"https:\/\/fihca.thedev.ca\/fr\/admissibilite\/"},{"@type":"ListItem","position":3,"name":"H\u00f4pitaux inclus"}]},{"@type":"WebSite","@id":"https:\/\/fihca.thedev.ca\/#website","url":"https:\/\/fihca.thedev.ca\/","name":"fihca.thedev.ca","description":"Just another WordPress site","potentialAction":[{"@type":"SearchAction","target":{"@type":"EntryPoint","urlTemplate":"https:\/\/fihca.thedev.ca\/?s={search_term_string}"},"query-input":{"@type":"PropertyValueSpecification","valueRequired":true,"valueName":"search_term_string"}}],"inLanguage":"fr-FR"}]}},"_links":{"self":[{"href":"https:\/\/fihca.thedev.ca\/fr\/wp-json\/wp\/v2\/pages\/2197","targetHints":{"allow":["GET"]}}],"collection":[{"href":"https:\/\/fihca.thedev.ca\/fr\/wp-json\/wp\/v2\/pages"}],"about":[{"href":"https:\/\/fihca.thedev.ca\/fr\/wp-json\/wp\/v2\/types\/page"}],"author":[{"embeddable":true,"href":"https:\/\/fihca.thedev.ca\/fr\/wp-json\/wp\/v2\/users\/3"}],"replies":[{"embeddable":true,"href":"https:\/\/fihca.thedev.ca\/fr\/wp-json\/wp\/v2\/comments?post=2197"}],"version-history":[{"count":7,"href":"https:\/\/fihca.thedev.ca\/fr\/wp-json\/wp\/v2\/pages\/2197\/revisions"}],"predecessor-version":[{"id":2928,"href":"https:\/\/fihca.thedev.ca\/fr\/wp-json\/wp\/v2\/pages\/2197\/revisions\/2928"}],"up":[{"embeddable":true,"href":"https:\/\/fihca.thedev.ca\/fr\/wp-json\/wp\/v2\/pages\/1173"}],"wp:attachment":[{"href":"https:\/\/fihca.thedev.ca\/fr\/wp-json\/wp\/v2\/media?parent=2197"}],"curies":[{"name":"wp","href":"https:\/\/api.w.org\/{rel}","templated":true}]}}