{"id":1369,"date":"2025-12-11T21:06:05","date_gmt":"2025-12-11T21:06:05","guid":{"rendered":"https:\/\/fihca.thedev.ca\/?page_id=1369"},"modified":"2026-01-26T03:12:22","modified_gmt":"2026-01-26T03:12:22","slug":"lignes-directrices-reseaux-sociaux","status":"publish","type":"page","link":"https:\/\/fihca.thedev.ca\/fr\/lignes-directrices-reseaux-sociaux\/","title":{"rendered":"Lignes directrices relatives aux r\u00e9seaux sociaux"},"content":{"rendered":"","protected":false},"excerpt":{"rendered":"","protected":false},"author":3,"featured_media":0,"parent":0,"menu_order":1,"comment_status":"closed","ping_status":"closed","template":"","meta":{"_acf_changed":false,"content-type":"","_links_to":"","_links_to_target":""},"class_list":["post-1369","page","type-page","status-publish","hentry"],"acf":[],"yoast_head":"<!-- This site is optimized with the Yoast SEO plugin v27.6 - https:\/\/yoast.com\/product\/yoast-seo-wordpress\/ -->\n<title>Lignes directrices relatives aux r\u00e9seaux sociaux - fihca.thedev.ca<\/title>\n<meta name=\"description\" content=\"Consultez les lignes directrices sur les m\u00e9dias sociaux pour les communaut\u00e9s dans le cadre du r\u00e8glement des h\u00f4pitaux f\u00e9d\u00e9raux indiens, y compris les r\u00e8gles relatives \u00e0 l\u2019engagement respectueux, \u00e0 la mod\u00e9ration, \u00e0 la protection de la vie priv\u00e9e et \u00e0 l\u2019exactitude des informations.\" \/>\n<meta name=\"robots\" content=\"noindex, follow, max-snippet:-1, max-image-preview:large, max-video-preview:-1\" \/>\n<meta property=\"og:locale\" content=\"fr_FR\" \/>\n<meta property=\"og:type\" content=\"article\" \/>\n<meta property=\"og:title\" content=\"Lignes directrices sur les m\u00e9dias sociaux | R\u00e8glement des h\u00f4pitaux f\u00e9d\u00e9raux indiens\" \/>\n<meta property=\"og:description\" content=\"Consultez les lignes directrices sur les m\u00e9dias sociaux pour les communaut\u00e9s dans le cadre du r\u00e8glement des h\u00f4pitaux f\u00e9d\u00e9raux indiens, y compris les r\u00e8gles relatives \u00e0 l\u2019engagement respectueux, \u00e0 la mod\u00e9ration, \u00e0 la protection de la vie priv\u00e9e et \u00e0 l\u2019exactitude des informations.\" \/>\n<meta property=\"og:url\" content=\"https:\/\/fihca.thedev.ca\/fr\/lignes-directrices-reseaux-sociaux\/\" \/>\n<meta property=\"og:site_name\" content=\"fihca.thedev.ca\" \/>\n<meta property=\"article:modified_time\" content=\"2026-01-26T03:12:22+00:00\" \/>\n<meta property=\"og:image\" content=\"https:\/\/fihca.thedev.ca\/wp-content\/uploads\/2026\/01\/IH-Icon-4C-1.png\" \/>\n\t<meta property=\"og:image:width\" content=\"1024\" \/>\n\t<meta property=\"og:image:height\" content=\"1026\" \/>\n\t<meta property=\"og:image:type\" content=\"image\/png\" \/>\n<meta name=\"twitter:card\" content=\"summary_large_image\" \/>\n<script type=\"application\/ld+json\" class=\"yoast-schema-graph\">{\"@context\":\"https:\\\/\\\/schema.org\",\"@graph\":[{\"@type\":\"WebPage\",\"@id\":\"https:\\\/\\\/fihca.thedev.ca\\\/fr\\\/lignes-directrices-reseaux-sociaux\\\/\",\"url\":\"https:\\\/\\\/fihca.thedev.ca\\\/fr\\\/lignes-directrices-reseaux-sociaux\\\/\",\"name\":\"Lignes directrices relatives aux r\u00e9seaux sociaux - fihca.thedev.ca\",\"isPartOf\":{\"@id\":\"https:\\\/\\\/fihca.thedev.ca\\\/#website\"},\"datePublished\":\"2025-12-11T21:06:05+00:00\",\"dateModified\":\"2026-01-26T03:12:22+00:00\",\"description\":\"Consultez les lignes directrices sur les m\u00e9dias sociaux pour les communaut\u00e9s dans le cadre du r\u00e8glement des h\u00f4pitaux f\u00e9d\u00e9raux indiens, y compris les r\u00e8gles relatives \u00e0 l\u2019engagement respectueux, \u00e0 la mod\u00e9ration, \u00e0 la protection de la vie priv\u00e9e et \u00e0 l\u2019exactitude des informations.\",\"breadcrumb\":{\"@id\":\"https:\\\/\\\/fihca.thedev.ca\\\/fr\\\/lignes-directrices-reseaux-sociaux\\\/#breadcrumb\"},\"inLanguage\":\"fr-FR\",\"potentialAction\":[{\"@type\":\"ReadAction\",\"target\":[\"https:\\\/\\\/fihca.thedev.ca\\\/fr\\\/lignes-directrices-reseaux-sociaux\\\/\"]}]},{\"@type\":\"BreadcrumbList\",\"@id\":\"https:\\\/\\\/fihca.thedev.ca\\\/fr\\\/lignes-directrices-reseaux-sociaux\\\/#breadcrumb\",\"itemListElement\":[{\"@type\":\"ListItem\",\"position\":1,\"name\":\"Home\",\"item\":\"https:\\\/\\\/fihca.thedev.ca\\\/fr\\\/\"},{\"@type\":\"ListItem\",\"position\":2,\"name\":\"Lignes directrices relatives aux r\u00e9seaux sociaux\"}]},{\"@type\":\"WebSite\",\"@id\":\"https:\\\/\\\/fihca.thedev.ca\\\/#website\",\"url\":\"https:\\\/\\\/fihca.thedev.ca\\\/\",\"name\":\"fihca.thedev.ca\",\"description\":\"Just another WordPress site\",\"potentialAction\":[{\"@type\":\"SearchAction\",\"target\":{\"@type\":\"EntryPoint\",\"urlTemplate\":\"https:\\\/\\\/fihca.thedev.ca\\\/?s={search_term_string}\"},\"query-input\":{\"@type\":\"PropertyValueSpecification\",\"valueRequired\":true,\"valueName\":\"search_term_string\"}}],\"inLanguage\":\"fr-FR\"}]}<\/script>\n<!-- \/ Yoast SEO plugin. -->","yoast_head_json":{"title":"Lignes directrices relatives aux r\u00e9seaux sociaux - fihca.thedev.ca","description":"Consultez les lignes directrices sur les m\u00e9dias sociaux pour les communaut\u00e9s dans le cadre du r\u00e8glement des h\u00f4pitaux f\u00e9d\u00e9raux indiens, y compris les r\u00e8gles relatives \u00e0 l\u2019engagement respectueux, \u00e0 la mod\u00e9ration, \u00e0 la protection de la vie priv\u00e9e et \u00e0 l\u2019exactitude des informations.","robots":{"index":"noindex","follow":"follow","max-snippet":"max-snippet:-1","max-image-preview":"max-image-preview:large","max-video-preview":"max-video-preview:-1"},"og_locale":"fr_FR","og_type":"article","og_title":"Lignes directrices sur les m\u00e9dias sociaux | R\u00e8glement des h\u00f4pitaux f\u00e9d\u00e9raux indiens","og_description":"Consultez les lignes directrices sur les m\u00e9dias sociaux pour les communaut\u00e9s dans le cadre du r\u00e8glement des h\u00f4pitaux f\u00e9d\u00e9raux indiens, y compris les r\u00e8gles relatives \u00e0 l\u2019engagement respectueux, \u00e0 la mod\u00e9ration, \u00e0 la protection de la vie priv\u00e9e et \u00e0 l\u2019exactitude des informations.","og_url":"https:\/\/fihca.thedev.ca\/fr\/lignes-directrices-reseaux-sociaux\/","og_site_name":"fihca.thedev.ca","article_modified_time":"2026-01-26T03:12:22+00:00","og_image":[{"width":1024,"height":1026,"url":"https:\/\/fihca.thedev.ca\/wp-content\/uploads\/2026\/01\/IH-Icon-4C-1.png","type":"image\/png"}],"twitter_card":"summary_large_image","schema":{"@context":"https:\/\/schema.org","@graph":[{"@type":"WebPage","@id":"https:\/\/fihca.thedev.ca\/fr\/lignes-directrices-reseaux-sociaux\/","url":"https:\/\/fihca.thedev.ca\/fr\/lignes-directrices-reseaux-sociaux\/","name":"Lignes directrices relatives aux r\u00e9seaux sociaux - fihca.thedev.ca","isPartOf":{"@id":"https:\/\/fihca.thedev.ca\/#website"},"datePublished":"2025-12-11T21:06:05+00:00","dateModified":"2026-01-26T03:12:22+00:00","description":"Consultez les lignes directrices sur les m\u00e9dias sociaux pour les communaut\u00e9s dans le cadre du r\u00e8glement des h\u00f4pitaux f\u00e9d\u00e9raux indiens, y compris les r\u00e8gles relatives \u00e0 l\u2019engagement respectueux, \u00e0 la mod\u00e9ration, \u00e0 la protection de la vie priv\u00e9e et \u00e0 l\u2019exactitude des informations.","breadcrumb":{"@id":"https:\/\/fihca.thedev.ca\/fr\/lignes-directrices-reseaux-sociaux\/#breadcrumb"},"inLanguage":"fr-FR","potentialAction":[{"@type":"ReadAction","target":["https:\/\/fihca.thedev.ca\/fr\/lignes-directrices-reseaux-sociaux\/"]}]},{"@type":"BreadcrumbList","@id":"https:\/\/fihca.thedev.ca\/fr\/lignes-directrices-reseaux-sociaux\/#breadcrumb","itemListElement":[{"@type":"ListItem","position":1,"name":"Home","item":"https:\/\/fihca.thedev.ca\/fr\/"},{"@type":"ListItem","position":2,"name":"Lignes directrices relatives aux r\u00e9seaux sociaux"}]},{"@type":"WebSite","@id":"https:\/\/fihca.thedev.ca\/#website","url":"https:\/\/fihca.thedev.ca\/","name":"fihca.thedev.ca","description":"Just another WordPress site","potentialAction":[{"@type":"SearchAction","target":{"@type":"EntryPoint","urlTemplate":"https:\/\/fihca.thedev.ca\/?s={search_term_string}"},"query-input":{"@type":"PropertyValueSpecification","valueRequired":true,"valueName":"search_term_string"}}],"inLanguage":"fr-FR"}]}},"_links":{"self":[{"href":"https:\/\/fihca.thedev.ca\/fr\/wp-json\/wp\/v2\/pages\/1369","targetHints":{"allow":["GET"]}}],"collection":[{"href":"https:\/\/fihca.thedev.ca\/fr\/wp-json\/wp\/v2\/pages"}],"about":[{"href":"https:\/\/fihca.thedev.ca\/fr\/wp-json\/wp\/v2\/types\/page"}],"author":[{"embeddable":true,"href":"https:\/\/fihca.thedev.ca\/fr\/wp-json\/wp\/v2\/users\/3"}],"replies":[{"embeddable":true,"href":"https:\/\/fihca.thedev.ca\/fr\/wp-json\/wp\/v2\/comments?post=1369"}],"version-history":[{"count":4,"href":"https:\/\/fihca.thedev.ca\/fr\/wp-json\/wp\/v2\/pages\/1369\/revisions"}],"predecessor-version":[{"id":2573,"href":"https:\/\/fihca.thedev.ca\/fr\/wp-json\/wp\/v2\/pages\/1369\/revisions\/2573"}],"wp:attachment":[{"href":"https:\/\/fihca.thedev.ca\/fr\/wp-json\/wp\/v2\/media?parent=1369"}],"curies":[{"name":"wp","href":"https:\/\/api.w.org\/{rel}","templated":true}]}}