{"id":1345,"date":"2025-12-11T19:51:36","date_gmt":"2025-12-11T19:51:36","guid":{"rendered":"https:\/\/fihca.thedev.ca\/?page_id=1345"},"modified":"2026-01-24T20:57:20","modified_gmt":"2026-01-24T20:57:20","slug":"successions","status":"publish","type":"page","link":"https:\/\/fihca.thedev.ca\/fr\/demandes-indemnisation\/etapes\/successions\/","title":{"rendered":"Successions"},"content":{"rendered":"","protected":false},"excerpt":{"rendered":"","protected":false},"author":3,"featured_media":0,"parent":1165,"menu_order":1,"comment_status":"closed","ping_status":"closed","template":"","meta":{"_acf_changed":false,"content-type":"","_links_to":"","_links_to_target":""},"class_list":["post-1345","page","type-page","status-publish","hentry"],"acf":[],"yoast_head":"<!-- This site is optimized with the Yoast SEO plugin v27.6 - https:\/\/yoast.com\/product\/yoast-seo-wordpress\/ -->\n<title>Successions - fihca.thedev.ca<\/title>\n<meta name=\"description\" content=\"D\u00e9couvrez ce qui est requis pour soumettre une demande d\u2019indemnisation pour une personne d\u00e9c\u00e9d\u00e9e.\" \/>\n<meta name=\"robots\" content=\"noindex, follow, max-snippet:-1, max-image-preview:large, max-video-preview:-1\" \/>\n<meta property=\"og:locale\" content=\"fr_FR\" \/>\n<meta property=\"og:type\" content=\"article\" \/>\n<meta property=\"og:title\" content=\"\u00c9tape par \u00e9tape pour les Successions | R\u00e8glement des h\u00f4pitaux f\u00e9d\u00e9raux indiens\" \/>\n<meta property=\"og:description\" content=\"D\u00e9couvrez ce qui est requis pour soumettre une demande d\u2019indemnisation pour une personne d\u00e9c\u00e9d\u00e9e.\" \/>\n<meta property=\"og:url\" content=\"https:\/\/fihca.thedev.ca\/fr\/demandes-indemnisation\/etapes\/successions\/\" \/>\n<meta property=\"og:site_name\" content=\"fihca.thedev.ca\" \/>\n<meta property=\"article:modified_time\" content=\"2026-01-24T20:57:20+00:00\" \/>\n<meta property=\"og:image\" content=\"https:\/\/fihca.thedev.ca\/wp-content\/uploads\/2026\/01\/IH-Icon-4C-1.png\" \/>\n\t<meta property=\"og:image:width\" content=\"1024\" \/>\n\t<meta property=\"og:image:height\" content=\"1026\" \/>\n\t<meta property=\"og:image:type\" content=\"image\/png\" \/>\n<meta name=\"twitter:card\" content=\"summary_large_image\" \/>\n<script type=\"application\/ld+json\" class=\"yoast-schema-graph\">{\"@context\":\"https:\\\/\\\/schema.org\",\"@graph\":[{\"@type\":\"WebPage\",\"@id\":\"https:\\\/\\\/fihca.thedev.ca\\\/fr\\\/demandes-indemnisation\\\/etapes\\\/successions\\\/\",\"url\":\"https:\\\/\\\/fihca.thedev.ca\\\/fr\\\/demandes-indemnisation\\\/etapes\\\/successions\\\/\",\"name\":\"Successions - fihca.thedev.ca\",\"isPartOf\":{\"@id\":\"https:\\\/\\\/fihca.thedev.ca\\\/#website\"},\"datePublished\":\"2025-12-11T19:51:36+00:00\",\"dateModified\":\"2026-01-24T20:57:20+00:00\",\"description\":\"D\u00e9couvrez ce qui est requis pour soumettre une demande d\u2019indemnisation pour une personne d\u00e9c\u00e9d\u00e9e.\",\"breadcrumb\":{\"@id\":\"https:\\\/\\\/fihca.thedev.ca\\\/fr\\\/demandes-indemnisation\\\/etapes\\\/successions\\\/#breadcrumb\"},\"inLanguage\":\"fr-FR\",\"potentialAction\":[{\"@type\":\"ReadAction\",\"target\":[\"https:\\\/\\\/fihca.thedev.ca\\\/fr\\\/demandes-indemnisation\\\/etapes\\\/successions\\\/\"]}]},{\"@type\":\"BreadcrumbList\",\"@id\":\"https:\\\/\\\/fihca.thedev.ca\\\/fr\\\/demandes-indemnisation\\\/etapes\\\/successions\\\/#breadcrumb\",\"itemListElement\":[{\"@type\":\"ListItem\",\"position\":1,\"name\":\"Home\",\"item\":\"https:\\\/\\\/fihca.thedev.ca\\\/fr\\\/\"},{\"@type\":\"ListItem\",\"position\":2,\"name\":\"Demandes\",\"item\":\"https:\\\/\\\/fihca.thedev.ca\\\/fr\\\/demandes-indemnisation\\\/\"},{\"@type\":\"ListItem\",\"position\":3,\"name\":\"\u00c9tape par \u00e9tape\",\"item\":\"https:\\\/\\\/fihca.thedev.ca\\\/fr\\\/demandes-indemnisation\\\/etapes\\\/\"},{\"@type\":\"ListItem\",\"position\":4,\"name\":\"Successions\"}]},{\"@type\":\"WebSite\",\"@id\":\"https:\\\/\\\/fihca.thedev.ca\\\/#website\",\"url\":\"https:\\\/\\\/fihca.thedev.ca\\\/\",\"name\":\"fihca.thedev.ca\",\"description\":\"Just another WordPress site\",\"potentialAction\":[{\"@type\":\"SearchAction\",\"target\":{\"@type\":\"EntryPoint\",\"urlTemplate\":\"https:\\\/\\\/fihca.thedev.ca\\\/?s={search_term_string}\"},\"query-input\":{\"@type\":\"PropertyValueSpecification\",\"valueRequired\":true,\"valueName\":\"search_term_string\"}}],\"inLanguage\":\"fr-FR\"}]}<\/script>\n<!-- \/ Yoast SEO plugin. -->","yoast_head_json":{"title":"Successions - fihca.thedev.ca","description":"D\u00e9couvrez ce qui est requis pour soumettre une demande d\u2019indemnisation pour une personne d\u00e9c\u00e9d\u00e9e.","robots":{"index":"noindex","follow":"follow","max-snippet":"max-snippet:-1","max-image-preview":"max-image-preview:large","max-video-preview":"max-video-preview:-1"},"og_locale":"fr_FR","og_type":"article","og_title":"\u00c9tape par \u00e9tape pour les Successions | R\u00e8glement des h\u00f4pitaux f\u00e9d\u00e9raux indiens","og_description":"D\u00e9couvrez ce qui est requis pour soumettre une demande d\u2019indemnisation pour une personne d\u00e9c\u00e9d\u00e9e.","og_url":"https:\/\/fihca.thedev.ca\/fr\/demandes-indemnisation\/etapes\/successions\/","og_site_name":"fihca.thedev.ca","article_modified_time":"2026-01-24T20:57:20+00:00","og_image":[{"width":1024,"height":1026,"url":"https:\/\/fihca.thedev.ca\/wp-content\/uploads\/2026\/01\/IH-Icon-4C-1.png","type":"image\/png"}],"twitter_card":"summary_large_image","schema":{"@context":"https:\/\/schema.org","@graph":[{"@type":"WebPage","@id":"https:\/\/fihca.thedev.ca\/fr\/demandes-indemnisation\/etapes\/successions\/","url":"https:\/\/fihca.thedev.ca\/fr\/demandes-indemnisation\/etapes\/successions\/","name":"Successions - fihca.thedev.ca","isPartOf":{"@id":"https:\/\/fihca.thedev.ca\/#website"},"datePublished":"2025-12-11T19:51:36+00:00","dateModified":"2026-01-24T20:57:20+00:00","description":"D\u00e9couvrez ce qui est requis pour soumettre une demande d\u2019indemnisation pour une personne d\u00e9c\u00e9d\u00e9e.","breadcrumb":{"@id":"https:\/\/fihca.thedev.ca\/fr\/demandes-indemnisation\/etapes\/successions\/#breadcrumb"},"inLanguage":"fr-FR","potentialAction":[{"@type":"ReadAction","target":["https:\/\/fihca.thedev.ca\/fr\/demandes-indemnisation\/etapes\/successions\/"]}]},{"@type":"BreadcrumbList","@id":"https:\/\/fihca.thedev.ca\/fr\/demandes-indemnisation\/etapes\/successions\/#breadcrumb","itemListElement":[{"@type":"ListItem","position":1,"name":"Home","item":"https:\/\/fihca.thedev.ca\/fr\/"},{"@type":"ListItem","position":2,"name":"Demandes","item":"https:\/\/fihca.thedev.ca\/fr\/demandes-indemnisation\/"},{"@type":"ListItem","position":3,"name":"\u00c9tape par \u00e9tape","item":"https:\/\/fihca.thedev.ca\/fr\/demandes-indemnisation\/etapes\/"},{"@type":"ListItem","position":4,"name":"Successions"}]},{"@type":"WebSite","@id":"https:\/\/fihca.thedev.ca\/#website","url":"https:\/\/fihca.thedev.ca\/","name":"fihca.thedev.ca","description":"Just another WordPress site","potentialAction":[{"@type":"SearchAction","target":{"@type":"EntryPoint","urlTemplate":"https:\/\/fihca.thedev.ca\/?s={search_term_string}"},"query-input":{"@type":"PropertyValueSpecification","valueRequired":true,"valueName":"search_term_string"}}],"inLanguage":"fr-FR"}]}},"_links":{"self":[{"href":"https:\/\/fihca.thedev.ca\/fr\/wp-json\/wp\/v2\/pages\/1345","targetHints":{"allow":["GET"]}}],"collection":[{"href":"https:\/\/fihca.thedev.ca\/fr\/wp-json\/wp\/v2\/pages"}],"about":[{"href":"https:\/\/fihca.thedev.ca\/fr\/wp-json\/wp\/v2\/types\/page"}],"author":[{"embeddable":true,"href":"https:\/\/fihca.thedev.ca\/fr\/wp-json\/wp\/v2\/users\/3"}],"replies":[{"embeddable":true,"href":"https:\/\/fihca.thedev.ca\/fr\/wp-json\/wp\/v2\/comments?post=1345"}],"version-history":[{"count":18,"href":"https:\/\/fihca.thedev.ca\/fr\/wp-json\/wp\/v2\/pages\/1345\/revisions"}],"predecessor-version":[{"id":3012,"href":"https:\/\/fihca.thedev.ca\/fr\/wp-json\/wp\/v2\/pages\/1345\/revisions\/3012"}],"up":[{"embeddable":true,"href":"https:\/\/fihca.thedev.ca\/fr\/wp-json\/wp\/v2\/pages\/1165"}],"wp:attachment":[{"href":"https:\/\/fihca.thedev.ca\/fr\/wp-json\/wp\/v2\/media?parent=1345"}],"curies":[{"name":"wp","href":"https:\/\/api.w.org\/{rel}","templated":true}]}}